{"id":4829,"date":"2015-11-20T14:07:26","date_gmt":"2015-11-20T14:07:26","guid":{"rendered":"https:\/quienes-somos\/"},"modified":"2025-11-08T07:53:37","modified_gmt":"2025-11-08T07:53:37","slug":"quienes-somos","status":"publish","type":"page","link":"https:\/\/invenio.pt\/es\/quienes-somos\/","title":{"rendered":"Qui\u00e9nes Somos"},"content":{"rendered":"<p>[vc_row content_width=\u00bbgrid\u00bb css=\u00bb.vc_custom_1529475887112{padding-top: 106px !important;padding-bottom: 80px !important;}\u00bb][vc_column width=\u00bb1\/4&#8243;][vc_empty_space height=\u00bb40px\u00bb][vc_text_separator title=\u00bbPresentaci\u00f3n corta\u00bb color=\u00bbcustom\u00bb accent_color=\u00bb#00b9f7&#8243;][vc_empty_space height=\u00bb40px\u00bb][\/vc_column][vc_column width=\u00bb3\/4&#8243;][vc_empty_space height=\u00bb\u00bb css=\u00bb.vc_custom_1448878085881{margin-top: -2px !important;}\u00bb][vc_column_text]<\/p>\n<h2>Construir el Futuro<\/h2>\n<p>[\/vc_column_text][vc_empty_space height=\u00bb28px\u00bb][vc_column_text]<\/p>\n<h4><strong>Invenio Ingenier\u00eda es una sociedad de Construcci\u00f3n Civil y Obras P\u00fablicas, cuya estructura operativa posee m\u00e1s de 30 a\u00f1os de experiencia en el sector.<\/strong><\/h4>\n<p>&nbsp;<\/p>\n<p class=\"p1\">Creada en 2013, est\u00e1 reconocida como una empresa que busca la sostenibilidad de su actividad, uniendo la creaci\u00f3n de valor con la garant\u00eda de transparencia en la relaci\u00f3n con todos los implicados.<\/p>\n<p>&nbsp;<\/p>\n<p class=\"p1\">La empresa se ha destacado por el rigor que aplica en todos los procedimientos, combinando las especificidades del proyecto de ejecuci\u00f3n con las mejores pr\u00e1cticas constructivas y medioambientales, garantizando la calidad y la sostenibilidad en la construcci\u00f3n, as\u00ed como el cumplimiento de los objetivos del propietario de la obra.<\/p>\n<p>&nbsp;<\/p>\n<p class=\"p1\">La planificaci\u00f3n, el detalle de ejecuci\u00f3n, la b\u00fasqueda de la perfecci\u00f3n, la \u00e9tica, la transparencia y la estrecha relaci\u00f3n con el propietario, los proyectistas y la supervisi\u00f3n son los factores diferenciadores que distinguen a Invenio Engenharia en el mercado.<\/p>\n<p>[\/vc_column_text][vc_empty_space height=\u00bb21px\u00bb][vc_column_text]Pretende ser reconocida como una empresa que busca la sostenibilidad de su actividad, aliando a la creaci\u00f3n de valor, la garant\u00eda de transparencia en la relaci\u00f3n con todos los actores.<\/p>\n<p>&nbsp;<\/p>\n<p><em><strong>Los valores de la empresa, reflejan el rigor con que se posiciona, en particular:<\/strong><\/em><\/p>\n<p>&nbsp;<\/p>\n<p><span style=\"color: #00b9f7;\"><strong>ASUMIR<\/strong><\/span> los\u00a0compromisos contractuales, sociales, legales y ecol\u00f3gicos, satisfaciendo a todas las partes involucradas.<\/p>\n<p>&nbsp;<\/p>\n<p><span style=\"color: #00b9f7;\"><strong>PLANEAR <\/strong><\/span>manteniendo una actitud proactiva y de aprendizaje constante, acercando los resultados a los objetivos, anticipando problemas y promoviendo, de forma integrada, la calidad y la sostenibilidad del medio ambiente.<\/p>\n<p>&nbsp;<\/p>\n<p><span style=\"color: #00b9f7;\"><strong>CUMPLIR<\/strong><\/span> con las expectativas y necesidades de cada cliente, con \u00e9tica, lealtad, rigor y exigencia.[\/vc_column_text][vc_empty_space height=\u00bb47px\u00bb][\/vc_column][\/vc_row]<\/p>\n","protected":false},"excerpt":{"rendered":"<p>[vc_row content_width=\u00bbgrid\u00bb css=\u00bb.vc_custom_1529475887112{padding-top: 106px !important;padding-bottom: 80px !important;}\u00bb][vc_column width=\u00bb1\/4&#8243;][vc_empty_space height=\u00bb40px\u00bb][vc_text_separator title=\u00bbPresentaci\u00f3n corta\u00bb color=\u00bbcustom\u00bb accent_color=\u00bb#00b9f7&#8243;][vc_empty_space height=\u00bb40px\u00bb][\/vc_column][vc_column width=\u00bb3\/4&#8243;][vc_empty_space height=\u00bb\u00bb css=\u00bb.vc_custom_1448878085881{margin-top: -2px !important;}\u00bb][vc_column_text] Construir el Futuro [\/vc_column_text][vc_empty_space height=\u00bb28px\u00bb][vc_column_text] Invenio Ingenier\u00eda es una sociedad de Construcci\u00f3n Civil y Obras P\u00fablicas, cuya&#8230;<\/p>\n","protected":false},"author":1,"featured_media":0,"parent":0,"menu_order":0,"comment_status":"closed","ping_status":"closed","template":"full-width.php","meta":{"footnotes":""},"class_list":["post-4829","page","type-page","status-publish","hentry"],"_links":{"self":[{"href":"https:\/\/invenio.pt\/es\/wp-json\/wp\/v2\/pages\/4829","targetHints":{"allow":["GET"]}}],"collection":[{"href":"https:\/\/invenio.pt\/es\/wp-json\/wp\/v2\/pages"}],"about":[{"href":"https:\/\/invenio.pt\/es\/wp-json\/wp\/v2\/types\/page"}],"author":[{"embeddable":true,"href":"https:\/\/invenio.pt\/es\/wp-json\/wp\/v2\/users\/1"}],"replies":[{"embeddable":true,"href":"https:\/\/invenio.pt\/es\/wp-json\/wp\/v2\/comments?post=4829"}],"version-history":[{"count":9,"href":"https:\/\/invenio.pt\/es\/wp-json\/wp\/v2\/pages\/4829\/revisions"}],"predecessor-version":[{"id":7036,"href":"https:\/\/invenio.pt\/es\/wp-json\/wp\/v2\/pages\/4829\/revisions\/7036"}],"wp:attachment":[{"href":"https:\/\/invenio.pt\/es\/wp-json\/wp\/v2\/media?parent=4829"}],"curies":[{"name":"wp","href":"https:\/\/api.w.org\/{rel}","templated":true}]}}